{"id":163,"date":"2012-02-16T17:18:07","date_gmt":"2012-02-16T17:18:07","guid":{"rendered":"http:\/\/www.tvmasmagazine.com\/?page_id=163"},"modified":"2012-02-21T16:52:06","modified_gmt":"2012-02-21T16:52:06","slug":"aviso-legal","status":"publish","type":"page","link":"https:\/\/tvmasmagazine.com\/es\/aviso-legal\/","title":{"rendered":"Aviso Legal"},"content":{"rendered":"<p><strong>TV MAS,\u00a0<\/strong>le informa que el acceso y uso de\u00a0las p\u00e1ginas web que figuran m\u00e1s adelante, est\u00e1n sujeta a las presentes condiciones de uso,\u00a0recomend\u00e1ndole que las lea atentamente por cuanto el hecho de acceder y usar estas p\u00e1ginas implica su aceptaci\u00f3n. El usuario se compromete a utilizar nuestras webs de conformidad con la ley, el presente aviso legal, reglamentos e instrucciones puestos en su conocimiento, as\u00ed como la moral, las buenas costumbres generalmente aceptadas y el orden p\u00fablico.<\/p>\n<p><strong>Ley 34\/2002 de Servicios de la Sociedad de la Informaci\u00f3n (en adelante LSSI)<\/strong> La sociedad es propietaria de los siguientes nombres de dominio y de las p\u00e1ginas en Internet a las que se accede a trav\u00e9s de dicho dominio: <strong>TV M\u00c1S\u00a0<\/strong>\u00a0se dedica a la publicaci\u00f3n de revista, as\u00ed como\u00a0a la creaci\u00f3n, producci\u00f3n, edici\u00f3n, comercializaci\u00f3n y distribuci\u00f3n de aquellos o cualquier otro producto derivado de los mismos.\u00a0TV M\u00c1S\u00a0realiza tambi\u00e9n el env\u00edo de promociones publicitarias y prospecci\u00f3n comercial para empresas del Grupo\u00a0y otras relacionadas con los sectores de las telecomunicaciones, financiero, ocio, formaci\u00f3n, gran consumo, audiovisual\u00a0 y ONG, que usted autoriza mediante la presente. TV M\u00c1S\u00a0no se hace responsable de la informaci\u00f3n contenida en otros enlaces o directorios a los que se acceda a trav\u00e9s de nuestras webs. Si la actividad o la informaci\u00f3n que remiten otras empresas a trav\u00e9s de nuestra web son il\u00edcitas o lesiona bienes o derechos de un tercero p\u00f3ngalo en nuestro conocimiento a\u00a0fin de suprimir o inutilizar de forma inmediata el enlace correspondiente. Ponemos en su conocimiento que los servicios de la sociedad de la informaci\u00f3n no pueden atentar contra los siguientes principios: el orden p\u00fablico, la seguridad, la salud p\u00fablica y la defensa nacional; protecci\u00f3n de los consumidores, respeto a la dignidad de la persona y no discriminaci\u00f3n por motivos de raza, sexo, religi\u00f3n, opini\u00f3n, nacionalidad, discapacidad o cualquier otra circunstancia personal o social; protecci\u00f3n a la juventud y a la infancia. TV MAS<strong>\u00a0<\/strong>defiende\u00a0estos principios y en cumplimiento de la citada Ley est\u00e1 obligado a colaborar con los \u00f3rganos competentes que ordenen que se interrumpa el servicio o que se retiren determinados mensajes, en consecuencia, suspender\u00e1 la prestaci\u00f3n de los servicios en cuanto tenga conocimiento efectivo de que la actividad o la informaci\u00f3n almacenada es il\u00edcita o lesiona bienes y derechos de terceros, no siendo responsable de la informaci\u00f3n emitida ni pudiendo exigirse responsabilidad de ning\u00fan tipo a\u00a0TV MAS<strong>\u00a0<\/strong>por la suspensi\u00f3n e interrupci\u00f3n del servicio contratado. Asimismo, le informamos que el \u201cspamming\u201d, o env\u00edo de correo no solicitado de forma masiva est\u00e1 prohibido en la citada Ley y que en TV MAS MAGAZINE<strong>\u00a0<\/strong>seguimos una pol\u00edtica de permission marketing, por lo que solicitamos su consentimiento respecto a las Comunicaciones Comerciales por v\u00eda electr\u00f3nica que podamos enviarle. Ponemos en su conocimiento, de conformidad con lo establecido en los art\u00edculos 20 y 21 de la Ley 34\/2002 sobre Servicios de la Sociedad de la Informaci\u00f3n y Comercio Electr\u00f3nico, que los datos que usted nos\u00a0facilite los utilizaremos para efectuar dichas comunicaciones comerciales sobre nuestros productos y servicios que puedan resultar de su inter\u00e9s, para lo cual entendemos que presta su consentimiento, comunicaciones que realizar\u00e1 TV MAS\u00a0directamente sin perjuicio del derecho que usted tiene de revocar en cualquier momento el consentimiento prestado para la recepci\u00f3n de comunicaciones comerciales, dirigi\u00e9ndose por escrito a la direcci\u00f3n arriba referida.<\/p>\n<p><strong>\u00a0<\/strong> <strong>Propiedad Intelectual e Industrial<\/strong> <strong>\u00a0<\/strong> Todos los contenidos de las p\u00e1ginas web de<strong>\u00a0TV MAS<\/strong>, ya sean fotograf\u00edas, im\u00e1genes, dibujos, textos, audio, video, software, logotipos y dise\u00f1o, est\u00e1n protegidos por la normativa de Propiedad Intelectual e Industrial, en particular por el RDL 1\/96 que aprueba el Texto Refundido de la Ley de Propiedad Intelectual y por la Ley de Marcas 17\/2001. Los derechos sobre los contenidos pertenecen a<strong>\u00a0TV MAS MAGAZINE\u00a0<\/strong>o, en su caso,\u00a0a terceros. En ning\u00fan caso el acceso a nuestra p\u00e1gina web implica cesi\u00f3n, transmisi\u00f3n o cualquier otro tipo de renuncia, ni total ni parcial, de los derechos de Propiedad Intelectual o Industrial. El usuario de Internet\u00a0que acceda a nuestras p\u00e1ginas \u00fanicamente podr\u00e1 visualizar y obtener copia privada de los contenidos siempre y cuando dicha copia sea, \u00fanica y exclusivamente, para su uso personal y privado; quedando terminantemente prohibida su utilizaci\u00f3n para fines comerciales. La distribuci\u00f3n, modificaci\u00f3n, cesi\u00f3n, comunicaci\u00f3n p\u00fablica y cualquier otro acto que no hay sido expresamente autorizado por el titular de los derechos de explotaci\u00f3n queda prohibido. El usuario del sitio web deber\u00e1 abstenerse de suprimir, alterar, eludir o manipular cualquier dispositivo de protecci\u00f3n o sistemas de seguridad que puedan estar instalados en la misma.<\/p>\n<p><strong>Limitaci\u00f3n de responsabilidad<\/strong> <strong>\u00a0<\/strong> Esta p\u00e1gina web no ofrece garant\u00eda de ning\u00fan tipo, ni expresa ni impl\u00edcita,\u00a0TV MAS<strong>\u00a0<\/strong>no garantiza que sus p\u00e1ginas web se encuentren en todo momento disponible. Asimismo no se hace responsable de los da\u00f1os y\u00a0perjuicios directos o indirectos derivados del uso de este web site, incluidos los da\u00f1os a sistemas inform\u00e1ticos que pudieran ocasionarse al usuario o a terceros, ni garantiza la ausencia de virus u otros elementos lesivos.<\/p>\n<p><strong>Pol\u00edtica de Protecci\u00f3n de datos de car\u00e1cter personal<\/strong> <strong>\u00a0<\/strong> TV MAS, tiene definida su pol\u00edtica de protecci\u00f3n de datos de conformidad con lo establecido en la Ley Org\u00e1nica 15\/99 de Protecci\u00f3n de Datos de Car\u00e1cter Personal y el RD 1720\/2007 de 21 de diciembre por el que se aprueba el Reglamento de desarrollo de la LOPD,\u00a0respecto a los datos que libre y voluntariamente usted facilite a trav\u00e9s de nuestra p\u00e1gina web. Podr\u00e1 consultar\u00a0<a href=\"http:\/\/www.elle.es\/elle\/informacion\/proteccion-de-datos\" target=\"_blank\">aqu\u00ed<\/a>\u00a0nuestra la Pol\u00edtica de Protecci\u00f3n de Datos.<\/p>\n<p><strong>TV M\u00c1S\u00a0<\/strong>se reserva el derecho a modificar en cualquier momento los contenidos de esta p\u00e1gina web, sin que ello suponga un perjuicio para el usuario y respetando, en su caso, las condiciones generales de contrataci\u00f3n que en cada momento est\u00e9n vigentes. El presente Aviso Legal y las relaciones que se establezcan entre el usuario y\u00a0TV M\u00c1S<strong>\u00a0<\/strong>se regir\u00e1n por la legislaci\u00f3n espa\u00f1ola y se someten a la jurisdicci\u00f3n espa\u00f1ola. <strong>\u00a0<\/strong><\/p>\n<p><strong><\/strong> <strong>TV M\u00c1S Magazine.<\/strong><\/p>","protected":false},"excerpt":{"rendered":"<p>TV MAS,\u00a0le informa que el acceso y uso de\u00a0las p\u00e1ginas web que figuran m\u00e1s adelante, est\u00e1n sujeta a las presentes <a class=\"more-link\" href=\"https:\/\/tvmasmagazine.com\/es\/aviso-legal\/\">&#8230;<\/a><\/p>\n","protected":false},"author":1,"featured_media":0,"parent":0,"menu_order":0,"comment_status":"open","ping_status":"open","template":"","meta":{"footnotes":""},"class_list":["post-163","page","type-page","status-publish","hentry"],"_links":{"self":[{"href":"https:\/\/tvmasmagazine.com\/es\/wp-json\/wp\/v2\/pages\/163","targetHints":{"allow":["GET"]}}],"collection":[{"href":"https:\/\/tvmasmagazine.com\/es\/wp-json\/wp\/v2\/pages"}],"about":[{"href":"https:\/\/tvmasmagazine.com\/es\/wp-json\/wp\/v2\/types\/page"}],"author":[{"embeddable":true,"href":"https:\/\/tvmasmagazine.com\/es\/wp-json\/wp\/v2\/users\/1"}],"replies":[{"embeddable":true,"href":"https:\/\/tvmasmagazine.com\/es\/wp-json\/wp\/v2\/comments?post=163"}],"version-history":[{"count":4,"href":"https:\/\/tvmasmagazine.com\/es\/wp-json\/wp\/v2\/pages\/163\/revisions"}],"predecessor-version":[{"id":165,"href":"https:\/\/tvmasmagazine.com\/es\/wp-json\/wp\/v2\/pages\/163\/revisions\/165"}],"wp:attachment":[{"href":"https:\/\/tvmasmagazine.com\/es\/wp-json\/wp\/v2\/media?parent=163"}],"curies":[{"name":"wp","href":"https:\/\/api.w.org\/{rel}","templated":true}]}}