{"id":527,"date":"2012-03-13T17:54:43","date_gmt":"2012-03-13T20:54:43","guid":{"rendered":"http:\/\/www.tvmasmagazine.com\/?page_id=527"},"modified":"2025-12-31T16:34:49","modified_gmt":"2025-12-31T19:34:49","slug":"about-us","status":"publish","type":"page","link":"https:\/\/tvmasmagazine.com\/es\/about-us\/","title":{"rendered":"QUI\u00c9NES SOMOS"},"content":{"rendered":"<p><\/p>\n<p style=\"text-align: justify;\"><a href=\"http:\/\/www.tvmasmagazine.com\/wp-content\/uploads\/2014\/06\/TVMAS-QUIENES-SOMOS.gif\"><img loading=\"lazy\" decoding=\"async\" class=\"aligncenter wp-image-3894\" title=\"TVMAS--QUIENES-SOMOS\" src=\"http:\/\/www.tvmasmagazine.com\/wp-content\/uploads\/2014\/06\/TVMAS-QUIENES-SOMOS.gif\" alt=\"\" width=\"500\" height=\"500\" \/><\/a><\/p>\n<p><b>TV<\/b><b>MAS<\/b>\u00a0es un puente para el desarrollo de negocios entre todos los continentes con LATAM y el Mercado Hispano de Estados Unidos.<\/p>\n<p style=\"text-align: justify;\"><strong>TV<\/strong><span style=\"color: #ff0000;\">MAS\u00a0<\/span>Magazine es una revista de negocios en el sector de la televisi\u00f3n y los contenidos audiovisuales para TV y m\u00faltiples plataformas, con base en Miami y periodistas especializados ubicados en distintos pa\u00edses de Am\u00e9rica latina, Europa y Asia.<\/p>\n<p>Fue creada por la periodista y productora Amanda Ospina en Buenos Aires, Argentina en Junio de 1999. Desde esta fecha esta publicaci\u00f3n circula y participa en distintos mercados o ferias del mundo tales como NATPE en Estados Unidos; NAB en Estados Unidos; NCTA en Estados Unidos; ANDINA LINK en Cartagena; MIPTV en Cannes; CANITEC en M\u00e9xico; L.\u00a0A. SCREENINGS en Los \u00c1ngeles; DISCOP en Dubai; BUSAN CONTENTS MARKET en Busan; TEPAL en Rep\u00fablica Dominicana y en Panam\u00e1; JORNADAS en Argentina; MIPCOM en Cannes, ASIA TV FORUM en Singapur; PUNTA\u00a0SHOW en Uruguay y\u00a0Chile Media\u00a0Show en Santiago entre otros.<\/p>\n<p>Algunos Festivales de cine como Festival de Cartagena; Festival de Nueva York; Festival de Miami; Festival de West Palm Beach; Festival de Berl\u00edn y Festival de Cine de San Sebasti\u00e1n.<b><a href=\"http:\/\/www.tvmasmagazine.com\/wp-content\/uploads\/2012\/03\/Amanda_Ospina_Cumbre.jpg\" target=\"_blank\" rel=\"noopener\" data-saferedirecturl=\"https:\/\/www.google.com\/url?hl=en&amp;q=http:\/\/www.tvmasmagazine.com\/wp-content\/uploads\/2012\/03\/Amanda_Ospina_Cumbre.jpg&amp;source=gmail&amp;ust=1517613094855000&amp;usg=AFQjCNHKXLnsQATmYz9qvEjyRprw9PN5Hg\"><img loading=\"lazy\" decoding=\"async\" width=\"300\" height=\"461\" class=\"m_-191793260411499348 m_-191793260411499348wp-image-3896 CToWUd aligncenter\" title=\"Amanda_Ospina_Cumbre\" src=\"https:\/\/ci6.googleusercontent.com\/proxy\/ejlgxExPkpSfHsPUd7FjNwvo_3COFIvNhwahXcmyFWDbXJCUGxuRYiAXC8m6tBWgwRkqpPKfM-vMO1FXTt-rYAZquz-LvdkdOCilywailsv1WBMpxRkY11M-XBLKEGpZDip8mC3o=s0-d-e1-ft#http:\/\/www.tvmasmagazine.com\/wp-content\/uploads\/2012\/03\/Amanda_Ospina_Cumbre.jpg\" alt=\"\" srcset=\"https:\/\/tvmasmagazine.com\/wp-content\/uploads\/2012\/03\/Amanda_Ospina_Cumbre.jpg 300w, https:\/\/tvmasmagazine.com\/wp-content\/uploads\/2012\/03\/Amanda_Ospina_Cumbre-97x150.jpg 97w, https:\/\/tvmasmagazine.com\/wp-content\/uploads\/2012\/03\/Amanda_Ospina_Cumbre-227x350.jpg 227w\" sizes=\"auto, (max-width: 300px) 100vw, 300px\" \/><\/a><\/b><\/p>\n<p><b><\/b><b>NUESTRA\u00a0<\/b><span style=\"color: #444444; font-family: Arial, Helvetica, sans-serif;\"><b>MISI\u00d3N:<\/b><\/span><b>\u00a0<\/b>Entregar la mejor informaci\u00f3n como veh\u00edculo para el desarrollo de los negocios del sector audiovisual en los distintos trade shows como una herramienta valiosa para quienes toman decisiones en la industria de los contenidos audiovisuales, en la TV abierta, TV\u00a0de pago y multiplataformas. Trabajamos para apoyar la distribuci\u00f3n de ideas, conceptos, formatos y contenidos.<\/p>\n<p><strong>OTROS PRODUCTOS Y SERVICIOS:\u00a0<\/strong><b>TVMAS\u00a0<\/b>organiz\u00f3\u00a0bajo el liderazgo de su creadora y directora la Cumbre Mundial de la Industria de la Telenovela y Series de Ficci\u00f3n, \u00fanico evento en el mundo segmentado. Esta cumbre se ha realizado en Estados Unidos, Europa y Am\u00e9rica latina.\u00a0ONLY TELENOVELAS FICTION &amp; FORMATS\u00a0es una publicaci\u00f3n en ingl\u00e9s una vez al a\u00f1o, para analizar las tendencias, el desarrollo y la comercializaci\u00f3n de estos contenidos mundialmente.<\/p>\n<p style=\"text-align: center;\"><div class=\"wpforms-container wpforms-container-full\" id=\"wpforms-66290\"><form id=\"wpforms-form-66290\" class=\"wpforms-validate wpforms-form wpforms-ajax-form\" data-formid=\"66290\" method=\"post\" enctype=\"multipart\/form-data\" action=\"\/es\/wp-json\/wp\/v2\/pages\/527\" data-token=\"2d422e8fe7b41d3ae416beb08760a8f6\"><div class=\"wpforms-head-container\"><div class=\"wpforms-title\">Cont\u00e1ctenos<\/div><div class=\"wpforms-description\">Completa el siguiente formulario y haz contacto con el staff de TVMAS a la brevedad.<\/div><\/div><noscript class=\"wpforms-error-noscript\">Por favor, activa JavaScript en tu navegador para completar este formulario.<\/noscript><div class=\"wpforms-field-container\"><div id=\"wpforms-66290-field_1-container\" class=\"wpforms-field wpforms-field-name\" data-field-id=\"1\"><label class=\"wpforms-field-label\" for=\"wpforms-66290-field_1\">Nombre y apellidos <span class=\"wpforms-required-label\">*<\/span><\/label><div class=\"wpforms-field-row wpforms-field-large\"><div class=\"wpforms-field-row-block wpforms-first wpforms-one-half\"><input type=\"text\" id=\"wpforms-66290-field_1\" class=\"wpforms-field-name-first wpforms-field-required\" name=\"wpforms[fields][1][first]\" required><label for=\"wpforms-66290-field_1\" class=\"wpforms-field-sublabel after \">Nombre<\/label><\/div><div class=\"wpforms-field-row-block wpforms-one-half\"><input type=\"text\" id=\"wpforms-66290-field_1-last\" class=\"wpforms-field-name-last wpforms-field-required\" name=\"wpforms[fields][1][last]\" required><label for=\"wpforms-66290-field_1-last\" class=\"wpforms-field-sublabel after \">Apellidos<\/label><\/div><\/div><\/div><div id=\"wpforms-66290-field_2-container\" class=\"wpforms-field wpforms-field-number\" data-field-id=\"2\"><label class=\"wpforms-field-label\" for=\"wpforms-66290-field_2\">Tel\u00e9fono de contacto <span class=\"wpforms-required-label\">*<\/span><\/label><input type=\"number\" pattern=\"\\d*\" id=\"wpforms-66290-field_2\" class=\"wpforms-field-large wpforms-field-required\" name=\"wpforms[fields][2]\" required><div class=\"wpforms-field-description\">\u00a1No olvides ingresar el c\u00f3digo de \u00e1rea! <\/div><\/div><div id=\"wpforms-66290-field_3-container\" class=\"wpforms-field wpforms-field-email\" data-field-id=\"3\"><label class=\"wpforms-field-label\" for=\"wpforms-66290-field_3\">Correo electr\u00f3nico <span class=\"wpforms-required-label\">*<\/span><\/label><input type=\"email\" id=\"wpforms-66290-field_3\" class=\"wpforms-field-large wpforms-field-required\" name=\"wpforms[fields][3]\" spellcheck=\"false\" required><\/div><div id=\"wpforms-66290-field_7-container\" class=\"wpforms-field wpforms-field-text\" data-field-id=\"7\"><label class=\"wpforms-field-label\" for=\"wpforms-66290-field_7\">Empresa<\/label><input type=\"text\" id=\"wpforms-66290-field_7\" class=\"wpforms-field-large\" name=\"wpforms[fields][7]\" ><\/div><div id=\"wpforms-66290-field_6-container\" class=\"wpforms-field wpforms-field-textarea\" data-field-id=\"6\"><label class=\"wpforms-field-label\" for=\"wpforms-66290-field_6\">Mensaje<\/label><textarea id=\"wpforms-66290-field_6\" class=\"wpforms-field-medium\" name=\"wpforms[fields][6]\" placeholder=\"Escribe un mensaje...\" ><\/textarea><\/div><\/div><!-- .wpforms-field-container --><div class=\"wpforms-submit-container\" ><input type=\"hidden\" name=\"wpforms[id]\" value=\"66290\"><input type=\"hidden\" name=\"wpforms[author]\" value=\"1\"><button type=\"submit\" name=\"wpforms[submit]\" id=\"wpforms-submit-66290\" class=\"wpforms-submit\" data-alt-text=\"Enviando...\" data-submit-text=\"Enviar\" aria-live=\"assertive\" value=\"wpforms-submit\">Enviar<\/button><img loading=\"lazy\" decoding=\"async\" src=\"https:\/\/tvmasmagazine.com\/wp-content\/plugins\/wpforms\/assets\/images\/submit-spin.svg\" class=\"wpforms-submit-spinner\" style=\"display: none;\" width=\"26\" height=\"26\" alt=\"Cargando\"><\/div><\/form><\/div>  <!-- .wpforms-container --><\/p>\n<div class=\"m_-191793260411499348addtoany_share_save_container m_-191793260411499348addtoany_content m_-191793260411499348addtoany_content_bottom\">\n<div class=\"m_-191793260411499348a2a_kit m_-191793260411499348a2a_kit_size_16 m_-191793260411499348addtoany_list\"><\/div>\n<\/div>\n<p><\/p>","protected":false},"excerpt":{"rendered":"<p>TVMAS\u00a0es un puente para el desarrollo de negocios entre todos los continentes con LATAM y el Mercado Hispano de Estados <a class=\"more-link\" href=\"https:\/\/tvmasmagazine.com\/es\/about-us\/\">&#8230;<\/a><\/p>\n","protected":false},"author":1,"featured_media":0,"parent":0,"menu_order":0,"comment_status":"closed","ping_status":"closed","template":"page-three-columns.php","meta":{"footnotes":""},"class_list":["post-527","page","type-page","status-publish","hentry"],"_links":{"self":[{"href":"https:\/\/tvmasmagazine.com\/es\/wp-json\/wp\/v2\/pages\/527","targetHints":{"allow":["GET"]}}],"collection":[{"href":"https:\/\/tvmasmagazine.com\/es\/wp-json\/wp\/v2\/pages"}],"about":[{"href":"https:\/\/tvmasmagazine.com\/es\/wp-json\/wp\/v2\/types\/page"}],"author":[{"embeddable":true,"href":"https:\/\/tvmasmagazine.com\/es\/wp-json\/wp\/v2\/users\/1"}],"replies":[{"embeddable":true,"href":"https:\/\/tvmasmagazine.com\/es\/wp-json\/wp\/v2\/comments?post=527"}],"version-history":[{"count":31,"href":"https:\/\/tvmasmagazine.com\/es\/wp-json\/wp\/v2\/pages\/527\/revisions"}],"predecessor-version":[{"id":69625,"href":"https:\/\/tvmasmagazine.com\/es\/wp-json\/wp\/v2\/pages\/527\/revisions\/69625"}],"wp:attachment":[{"href":"https:\/\/tvmasmagazine.com\/es\/wp-json\/wp\/v2\/media?parent=527"}],"curies":[{"name":"wp","href":"https:\/\/api.w.org\/{rel}","templated":true}]}}